{"id":16108,"date":"2023-07-26T10:07:28","date_gmt":"2023-07-26T10:07:28","guid":{"rendered":"https:\/\/www.ovalo.es\/?page_id=16108"},"modified":"2023-07-26T10:10:37","modified_gmt":"2023-07-26T10:10:37","slug":"politica-de-privacidad","status":"publish","type":"page","link":"https:\/\/www.ovalo.es\/index.php\/politica-de-privacidad\/","title":{"rendered":"Pol\u00edtica de Privacidad"},"content":{"rendered":"\t\t<div data-elementor-type=\"wp-page\" data-elementor-id=\"16108\" class=\"elementor elementor-16108\">\n\t\t\t\t\t\t\t\t\t<section class=\"elementor-section elementor-top-section elementor-element elementor-element-161524a elementor-section-boxed elementor-section-height-default elementor-section-height-default\" data-id=\"161524a\" data-element_type=\"section\">\n\t\t\t\t\t\t<div class=\"elementor-container elementor-column-gap-default\">\n\t\t\t\t\t<div class=\"elementor-column elementor-col-100 elementor-top-column elementor-element elementor-element-49d4c0b\" data-id=\"49d4c0b\" data-element_type=\"column\">\n\t\t\t<div class=\"elementor-widget-wrap elementor-element-populated\">\n\t\t\t\t\t\t\t\t<div class=\"elementor-element elementor-element-3af3788 elementor-align-center elementor-icon-left elementor-widget elementor-widget-kitchor-heading\" data-id=\"3af3788\" data-element_type=\"widget\" data-widget_type=\"kitchor-heading.default\">\n\t\t\t\t<div class=\"elementor-widget-container\">\n\t\t\t<h4 class=\"elementor-heading-title elementor-size-default\"><span>Pol\u00edtica de Privacidad<\/span><\/h4>\t\t<\/div>\n\t\t\t\t<\/div>\n\t\t\t\t<div class=\"elementor-element elementor-element-8f1ce18 elementor-widget-divider--view-line elementor-widget elementor-widget-divider\" data-id=\"8f1ce18\" data-element_type=\"widget\" data-widget_type=\"divider.default\">\n\t\t\t\t<div class=\"elementor-widget-container\">\n\t\t\t<style>\/*! elementor - v3.14.0 - 26-06-2023 *\/\n.elementor-widget-divider{--divider-border-style:none;--divider-border-width:1px;--divider-color:#0c0d0e;--divider-icon-size:20px;--divider-element-spacing:10px;--divider-pattern-height:24px;--divider-pattern-size:20px;--divider-pattern-url:none;--divider-pattern-repeat:repeat-x}.elementor-widget-divider .elementor-divider{display:flex}.elementor-widget-divider .elementor-divider__text{font-size:15px;line-height:1;max-width:95%}.elementor-widget-divider .elementor-divider__element{margin:0 var(--divider-element-spacing);flex-shrink:0}.elementor-widget-divider .elementor-icon{font-size:var(--divider-icon-size)}.elementor-widget-divider .elementor-divider-separator{display:flex;margin:0;direction:ltr}.elementor-widget-divider--view-line_icon .elementor-divider-separator,.elementor-widget-divider--view-line_text .elementor-divider-separator{align-items:center}.elementor-widget-divider--view-line_icon .elementor-divider-separator:after,.elementor-widget-divider--view-line_icon .elementor-divider-separator:before,.elementor-widget-divider--view-line_text .elementor-divider-separator:after,.elementor-widget-divider--view-line_text .elementor-divider-separator:before{display:block;content:\"\";border-bottom:0;flex-grow:1;border-top:var(--divider-border-width) var(--divider-border-style) var(--divider-color)}.elementor-widget-divider--element-align-left .elementor-divider .elementor-divider-separator>.elementor-divider__svg:first-of-type{flex-grow:0;flex-shrink:100}.elementor-widget-divider--element-align-left .elementor-divider-separator:before{content:none}.elementor-widget-divider--element-align-left .elementor-divider__element{margin-left:0}.elementor-widget-divider--element-align-right .elementor-divider .elementor-divider-separator>.elementor-divider__svg:last-of-type{flex-grow:0;flex-shrink:100}.elementor-widget-divider--element-align-right .elementor-divider-separator:after{content:none}.elementor-widget-divider--element-align-right .elementor-divider__element{margin-right:0}.elementor-widget-divider:not(.elementor-widget-divider--view-line_text):not(.elementor-widget-divider--view-line_icon) .elementor-divider-separator{border-top:var(--divider-border-width) var(--divider-border-style) var(--divider-color)}.elementor-widget-divider--separator-type-pattern{--divider-border-style:none}.elementor-widget-divider--separator-type-pattern.elementor-widget-divider--view-line .elementor-divider-separator,.elementor-widget-divider--separator-type-pattern:not(.elementor-widget-divider--view-line) .elementor-divider-separator:after,.elementor-widget-divider--separator-type-pattern:not(.elementor-widget-divider--view-line) .elementor-divider-separator:before,.elementor-widget-divider--separator-type-pattern:not([class*=elementor-widget-divider--view]) .elementor-divider-separator{width:100%;min-height:var(--divider-pattern-height);-webkit-mask-size:var(--divider-pattern-size) 100%;mask-size:var(--divider-pattern-size) 100%;-webkit-mask-repeat:var(--divider-pattern-repeat);mask-repeat:var(--divider-pattern-repeat);background-color:var(--divider-color);-webkit-mask-image:var(--divider-pattern-url);mask-image:var(--divider-pattern-url)}.elementor-widget-divider--no-spacing{--divider-pattern-size:auto}.elementor-widget-divider--bg-round{--divider-pattern-repeat:round}.rtl .elementor-widget-divider .elementor-divider__text{direction:rtl}.e-con-inner>.elementor-widget-divider,.e-con>.elementor-widget-divider{width:var(--container-widget-width,100%);--flex-grow:var(--container-widget-flex-grow)}<\/style>\t\t<div class=\"elementor-divider\">\n\t\t\t<span class=\"elementor-divider-separator\">\n\t\t\t\t\t\t<\/span>\n\t\t<\/div>\n\t\t\t\t<\/div>\n\t\t\t\t<\/div>\n\t\t\t\t<div class=\"elementor-element elementor-element-6f98007 elementor-widget elementor-widget-text-editor\" data-id=\"6f98007\" data-element_type=\"widget\" data-widget_type=\"text-editor.default\">\n\t\t\t\t<div class=\"elementor-widget-container\">\n\t\t\t<style>\/*! elementor - v3.14.0 - 26-06-2023 *\/\n.elementor-widget-text-editor.elementor-drop-cap-view-stacked .elementor-drop-cap{background-color:#69727d;color:#fff}.elementor-widget-text-editor.elementor-drop-cap-view-framed .elementor-drop-cap{color:#69727d;border:3px solid;background-color:transparent}.elementor-widget-text-editor:not(.elementor-drop-cap-view-default) .elementor-drop-cap{margin-top:8px}.elementor-widget-text-editor:not(.elementor-drop-cap-view-default) .elementor-drop-cap-letter{width:1em;height:1em}.elementor-widget-text-editor .elementor-drop-cap{float:left;text-align:center;line-height:1;font-size:50px}.elementor-widget-text-editor .elementor-drop-cap-letter{display:inline-block}<\/style>\t\t\t\t<p>En\u00a0<a href=\"https:\/\/www.ovalo.es\">https:\/\/www.ovalo.es<\/a> no se recogen datos personales, a excepci\u00f3n de alg\u00fan e.mail recibido.<\/p><p>Sus datos no ser\u00e1n cedidos a terceros.<\/p><p>Respecto a los datos que Usted pueda facilitarnos a trav\u00e9s de otros medios, le informamos que los datos personales que Usted pueda facilitarnos durante su\u00a0<strong>relaci\u00f3n contractual, profesional o comercial<\/strong>\u00a0con el <strong>Grupo \u00d3valo<\/strong>, ser\u00e1n tratados con la finalidad de mantener dichas relaciones. Para la realizaci\u00f3n de esta gesti\u00f3n es posible que sus datos sean cedidos a entidades bancarias y a la Administraci\u00f3n Tributaria. Este tratamiento de datos es necesario para la ejecuci\u00f3n de un posible contrato y\/o para el mantenimiento de la relaci\u00f3n contractual, profesional o comercial. Igualmente, le informamos que sus datos ser\u00e1n conservados mientras se mantengan estas relaciones y los plazos marcados por la legislaci\u00f3n fiscal o durante los plazos establecidos para atender posibles reclamaciones.<\/p><p><strong>Grupo \u00d3valo<\/strong>\u00a0le informa de que en ning\u00fan caso est\u00e1 obligado a facilitarnos sus datos personales, y que \u00e9stos son los adecuados, pertinentes y estrictamente necesarios para cumplir con la finalidad por la que se recogen, no obstante, estos son imprescindibles para dar respuesta a su solicitud o para proporcionarle los servicios ofertados.<\/p><p>Es importante que para que podamos mantener sus datos personales actualizados, nos informe siempre que haya habido alguna modificaci\u00f3n en ellos, en caso contrario, no respondemos de la veracidad de los mismos.<\/p><p>Si nos facilitara en alg\u00fan momento un n\u00famero de tel\u00e9fono, acepta que podemos enviarle notificaciones de texto.\u00a0<\/p><p>Si desea darse de baja de recibir\u00a0mensajes de marketing de texto y notificaciones, responda STOP a cualquier mensaje m\u00f3vil que le enviaremos.<\/p><p>Si tiene alguna pregunta, env\u00ede un mensaje de texto con AYUDA al n\u00famero del que recibi\u00f3 los mensajes. Tambi\u00e9n\u00a0puede ponerse en contacto con nosotros para obtener m\u00e1s informaci\u00f3n. Si desea optar por no participar siga los procedimientos anteriores.<\/p><p><br \/><strong>Derechos de protecci\u00f3n de datos del interesado<\/strong><\/p><p>Ud. puede ejercer sus derechos de acceso, rectificaci\u00f3n, supresi\u00f3n, oposici\u00f3n, a no ser objeto de decisiones individuales automatizadas, portabilidad y limitaci\u00f3n del tratamiento de sus datos dirigi\u00e9ndose a\u00a0\u00d3VALO Administraci\u00f3n de Patrimonios Inmobiliarios, S.A., sita en Avda. de Guadalix 35, Algete, Madrid o a la direcci\u00f3n\u00a0<a href=\"mailto:info@ovalo.es\">info@ovalo.es<\/a> acompa\u00f1ando documentaci\u00f3n que acredite debidamente su identidad. Ud. tiene derecho a presentar una reclamaci\u00f3n ante la Agencia Espa\u00f1ola de Protecci\u00f3n de Datos (AEPD), si considera infringidos sus derechos.<\/p><p><strong>Garant\u00eda de Confidencialidad y Seguridad de los datos<\/strong><\/p><p><strong>\u00d3VALO<\/strong>, en respuesta a la confianza depositada en nosotros y teniendo en cuenta la importancia en materia de protecci\u00f3n y confidencialidad que requieren sus datos personales, les informa que ha adoptado las medidas, t\u00e9cnicas y organizativas, necesarias para garantizar la confidencialidad, disponibilidad, integridad y resiliencias de sus sistemas y servicios de tratamiento. No obstante, el usuario debe ser consciente de que las medidas de seguridad en Internet no son inexpugnables.<\/p><p>La presente pol\u00edtica de privacidad ha sido actualizada en julio de 2021.\u00a0<strong>\u00d3VALO<\/strong>\u00a0se reserva el derecho de modificar su pol\u00edtica de protecci\u00f3n de datos en el supuesto de que exista un cambio de la legislaci\u00f3n vigente, doctrina jurisprudencial o por criterios propios empresariales. Si se introdujese alg\u00fan cambio en esta pol\u00edtica, el nuevo texto se publicar\u00e1 en esta misma direcci\u00f3n.<\/p>\t\t\t\t\t\t<\/div>\n\t\t\t\t<\/div>\n\t\t\t\t\t<\/div>\n\t\t<\/div>\n\t\t\t\t\t\t\t<\/div>\n\t\t<\/section>\n\t\t\t\t\t\t\t<\/div>\n\t\t","protected":false},"excerpt":{"rendered":"<p>Pol\u00edtica de Privacidad En\u00a0https:\/\/www.ovalo.es no se recogen datos personales, a excepci\u00f3n de alg\u00fan e.mail recibido. Sus datos no ser\u00e1n cedidos a terceros. Respecto a los datos que Usted pueda facilitarnos a trav\u00e9s de otros medios, le informamos que los datos personales que Usted pueda facilitarnos durante su\u00a0relaci\u00f3n contractual, profesional o comercial\u00a0con el Grupo \u00d3valo, ser\u00e1n [&hellip;]<\/p>\n","protected":false},"author":1,"featured_media":0,"parent":0,"menu_order":0,"comment_status":"closed","ping_status":"closed","template":"","meta":{"inline_featured_image":false,"footnotes":""},"class_list":["post-16108","page","type-page","status-publish","hentry"],"_links":{"self":[{"href":"https:\/\/www.ovalo.es\/index.php\/wp-json\/wp\/v2\/pages\/16108","targetHints":{"allow":["GET"]}}],"collection":[{"href":"https:\/\/www.ovalo.es\/index.php\/wp-json\/wp\/v2\/pages"}],"about":[{"href":"https:\/\/www.ovalo.es\/index.php\/wp-json\/wp\/v2\/types\/page"}],"author":[{"embeddable":true,"href":"https:\/\/www.ovalo.es\/index.php\/wp-json\/wp\/v2\/users\/1"}],"replies":[{"embeddable":true,"href":"https:\/\/www.ovalo.es\/index.php\/wp-json\/wp\/v2\/comments?post=16108"}],"version-history":[{"count":10,"href":"https:\/\/www.ovalo.es\/index.php\/wp-json\/wp\/v2\/pages\/16108\/revisions"}],"predecessor-version":[{"id":16118,"href":"https:\/\/www.ovalo.es\/index.php\/wp-json\/wp\/v2\/pages\/16108\/revisions\/16118"}],"wp:attachment":[{"href":"https:\/\/www.ovalo.es\/index.php\/wp-json\/wp\/v2\/media?parent=16108"}],"curies":[{"name":"wp","href":"https:\/\/api.w.org\/{rel}","templated":true}]}}